{"id":4712,"date":"2024-07-04T16:38:14","date_gmt":"2024-07-04T14:38:14","guid":{"rendered":"https:\/\/adoring-jemison.85-94-207-211.plesk.page\/wwwroot\/?page_id=4712"},"modified":"2024-09-10T16:28:20","modified_gmt":"2024-09-10T14:28:20","slug":"privacy-policy","status":"publish","type":"page","link":"https:\/\/centromedicogreenlife.it\/wwwroot\/privacy-policy\/","title":{"rendered":"Privacy Policy"},"content":{"rendered":"<h2 style=\"font-size: 17px;\"><strong>INFORMATIVA SUL TRATTAMENTO DEI DATI PERSONALI<\/strong><\/h2>\n<p>Centro Medico Green Life Srl (P.IVA: 05144370268), avente sede legale in (31015) Conegliano (TV), Via degli Abruzzi 32, in qualit\u00e0 di titolare del trattamento dei suoi dati personali (di seguito \u201cTitolare\u201d), rilascia la presente informativa nel rispetto della disciplina europea e italiana in materia di protezione dei dati personali, allo scopo di farti conoscere le finalit\u00e0 e le modalit\u00e0 del trattamento dei dati personali che potresti comunicare durante la navigazione nel presente sito web (di seguito \u201cSito\u201d).<br \/>\nSi precisa che la presente informativa si riferisce unicamente al Sito e non a siti web di soggetti terzi, eventualmente raggiungibili dall\u2019Utente mediante link in esso presenti.<br \/>\nIl Titolare ha nominato un responsabile della protezione dei dati (DPO), che potr\u00e0 contattare scrivendo al seguente recapito: <a href=\"mailto:dpo@centromedicogreenlife.it\">dpo@centromedicogreenlife.it<\/a><\/p>\n<h3 style=\"font-size: 17px;\"><strong>CATEGORIE DI DATI TRATTATI<\/strong><\/h3>\n<p><strong>Dati di navigazione<br \/>\n<\/strong>I sistemi informatici e le procedure software preposte al funzionamento di questo sito web acquisiscono, nel corso del loro normale esercizio, alcuni dati personali la cui trasmissione \u00e8 implicita nell&#8217;uso dei protocolli di comunicazione di Internet. Si tratta di informazioni che non sono raccolte per essere associate a interessati identificati, ma che per loro stessa natura potrebbero, attraverso elaborazioni ed associazioni con dati detenuti da terzi, permettere di identificare gli utenti. In questa categoria di dati rientrano, ad esempio, gli indirizzi IP o i nomi a dominio dei computer utilizzati dagli utenti che si connettono al sito, gli indirizzi in notazione URI (Uniform Resource Identifier) delle risorse richieste, l&#8217;orario della richiesta, il metodo utilizzato nel sottoporre la richiesta al server, la dimensione del file ottenuto in risposta, il codice numerico indicante lo stato della risposta data dal server (buon fine, errore, ecc.) ed altri parametri relativi al sistema operativo e all&#8217;ambiente informatico dell&#8217;utente. Questi dati vengono utilizzati al solo fine di ricavare informazioni statistiche anonime sull&#8217;uso del sito e per controllarne il corretto funzionamento e vengono cancellati immediatamente dopo l&#8217;elaborazione.<\/p>\n<p><strong>Dati forniti volontariamente dall\u2019Utente<br \/>\n<\/strong>L&#8217;invio di posta elettronica agli indirizzi indicati nel Sito &#8211; facoltativo, esplicito e volontario &#8211; comporta la successiva acquisizione tuo indirizzo e-mail, necessario per rispondere alle richieste, nonch\u00e9 degli ulteriori dati personali eventualmente comunicati. Nel Sito sono presenti form di compilazione, corredati da specifiche informative sul trattamento dei dati personali svolto e, laddove necessario, da richieste di consenso: ti invitiamo pertanto a prenderne visione prima di procedere con l\u2019utilizzo del form.<\/p>\n<p><strong>Cookie<br \/>\n<\/strong>Per ogni informazione in ordine all\u2019utilizzo dei cookie da parte del Sito, accedi all\u2019apposita informativa cliccando <a href=\"https:\/\/centromedicogreenlife.it\/wwwroot\/cookie-policy\/\">qui<\/a>.<\/p>\n<h3 style=\"font-size: 17px;\"><strong>FINALIT\u00c0 E BASE GIURIDICA DEL TRATTAMENTO, NATURA DEL CONFERIMENTO DEI DATI E CONSEGUENZE IN CASO DI RIFIUTO<\/strong><\/h3>\n<p>Il Titolare tratter\u00e0 i tuoi dati per agevolare la navigazione e per fornire i servizi da te eventualmente richiesti tramite i moduli appositamente predisposti nel Sito. A parte quanto specificato per i dati di navigazione e per i cookie tecnici, nell\u2019ambito delle sezioni del Sito predisposte per particolari servizi a tua richiesta sarai libero di fornire i tuoi dati personali per le finalit\u00e0 riportate nelle rispettive informative, ma il loro mancato conferimento pu\u00f2 comportare l&#8217;impossibilit\u00e0 di ottenere il servizio richiesto.<\/p>\n<h3 style=\"font-size: 17px;\"><strong>PERIODO DI CONSERVAZIONE DEI DATI<\/strong><\/h3>\n<p>Il Titolare tratter\u00e0 i dati personali raccolti attraverso l\u2019utilizzo del Sito per il tempo strettamente necessario a conseguire gli scopi per cui sono stati raccolti nonch\u00e9, terminato quest\u2019ultimo, per i tempi eventualmente stabiliti dalle norme vigenti.<\/p>\n<h3 style=\"font-size: 17px;\"><strong>AMBITO DI COMUNICAZIONE DEI DATI E CATEGORIE DI DESTINATARI<\/strong><\/h3>\n<p>Il Titolare non diffonder\u00e0 i dati, ma intende comunicarli a figure interne autorizzate al trattamento in ragione delle rispettive mansioni, nonch\u00e9 a soggetti esterni a cui si rendesse necessario comunicare i dati. Tali destinatari, ove dovessero trattare dati per conto del Titolare, saranno designati come responsabili del trattamento con apposito contratto od altro atto giuridico.<br \/>\nPer maggiori dettagli, si rimanda alle informative predisposte per particolari servizi.<\/p>\n<h3 style=\"font-size: 17px;\"><strong>TRASFERIMENTO DATI VERSO UN PAESE TERZO E\/O UN\u2019ORGANIZZAZIONE INTERNAZIONALE<\/strong><\/h3>\n<p>I tuoi dati personali non saranno oggetto di trasferimento presso Paesi Terzi non europei.<\/p>\n<h3 style=\"font-size: 17px;\"><strong>DIRITTI DEGLI INTERESSATI<\/strong><\/h3>\n<p>\u00c8 tuo diritto chiedere al Titolare di accedere ai tuoi dati personali e di rettificarli se inesatti, di cancellarli o limitarne il trattamento se ne ricorrono i presupposti, di opporti al loro trattamento per legittimi interessi perseguiti dal Titolare, nonch\u00e9 di ottenere la portabilit\u00e0 dei dati personalmente forniti solo se oggetto di un trattamento automatizzato basato sul consenso o sul contratto. Hai altres\u00ec il diritto di revocare il consenso prestato per le finalit\u00e0 di trattamento che lo richiedono, ferma restando la liceit\u00e0 del trattamento effettuato sino al momento della revoca.<\/p>\n<p>Per esercitare i tuoi diritti, puoi utilizzare il modulo disponibile <a href=\"https:\/\/www.garanteprivacy.it\/web\/guest\/home\/docweb\/-\/docweb-display\/docweb\/1089924\">qui<\/a> e inoltrarlo al seguente recapito: <a href=\"mailto:dpo@centromedicogreenlife.it\">dpo@centromedicogreenlife.it<\/a> \u00a0Ti ricordiamo infine che hai anche il diritto di proporre reclamo all\u2019autorit\u00e0 di controllo competente in materia, Garante per la protezione dei dati personali (<a href=\"http:\/\/www.garanteprivacy.it\">www.garanteprivacy.it<\/a>).<\/p>\n<p>Ultimo aggiornamento: Settembre 2024<\/p>\n<p><em>La presente informativa potrebbe subire modifiche: ti consigliamo quindi di controllare la data dell\u2019ultima revisione. Qualunque cambiamento avr\u00e0 effetto dalla data di pubblicazione sul Sito, ma le modifiche ritenute pi\u00f9 significative ti saranno comunicate, laddove possibile (per esempio, se fossi iscritto al nostro servizio di newsletter).<\/em><\/p>\n","protected":false},"excerpt":{"rendered":"<p>INFORMATIVA SUL TRATTAMENTO DEI DATI PERSONALI Centro Medico Green Life Srl (P.IVA: 05144370268), avente sede legale in (31015) Conegliano (TV), Via degli Abruzzi 32, in qualit\u00e0 di titolare del trattamento dei suoi dati personali (di seguito \u201cTitolare\u201d), rilascia la presente informativa nel rispetto della disciplina europea e italiana in materia di protezione dei dati personali, [&hellip;]<\/p>\n","protected":false},"author":3,"featured_media":0,"parent":0,"menu_order":8,"comment_status":"closed","ping_status":"closed","template":"template\/tpl-privacy.php","meta":{"_acf_changed":false,"footnotes":""},"class_list":["post-4712","page","type-page","status-publish","hentry"],"acf":[],"yoast_head":"<!-- This site is optimized with the Yoast SEO plugin v27.3 - https:\/\/yoast.com\/product\/yoast-seo-wordpress\/ -->\n<title>Privacy Policy | Centro Medico GREEN LIFE<\/title>\n<meta name=\"robots\" content=\"index, follow, max-snippet:-1, max-image-preview:large, max-video-preview:-1\" \/>\n<link rel=\"canonical\" href=\"https:\/\/centromedicogreenlife.it\/wwwroot\/privacy-policy\/\" \/>\n<meta property=\"og:locale\" content=\"it_IT\" \/>\n<meta property=\"og:type\" content=\"article\" \/>\n<meta property=\"og:title\" content=\"Privacy Policy | Centro Medico GREEN LIFE\" \/>\n<meta property=\"og:description\" content=\"INFORMATIVA SUL TRATTAMENTO DEI DATI PERSONALI Centro Medico Green Life Srl (P.IVA: 05144370268), avente sede legale in (31015) Conegliano (TV), Via degli Abruzzi 32, in qualit\u00e0 di titolare del trattamento dei suoi dati personali (di seguito \u201cTitolare\u201d), rilascia la presente informativa nel rispetto della disciplina europea e italiana in materia di protezione dei dati personali, [&hellip;]\" \/>\n<meta property=\"og:url\" content=\"https:\/\/centromedicogreenlife.it\/wwwroot\/privacy-policy\/\" \/>\n<meta property=\"og:site_name\" content=\"Centro Medico GREEN LIFE\" \/>\n<meta property=\"article:modified_time\" content=\"2024-09-10T14:28:20+00:00\" \/>\n<meta name=\"twitter:card\" content=\"summary_large_image\" \/>\n<meta name=\"twitter:label1\" content=\"Tempo di lettura stimato\" \/>\n\t<meta name=\"twitter:data1\" content=\"5 minuti\" \/>\n<script type=\"application\/ld+json\" class=\"yoast-schema-graph\">{\"@context\":\"https:\\\/\\\/schema.org\",\"@graph\":[{\"@type\":\"WebPage\",\"@id\":\"https:\\\/\\\/centromedicogreenlife.it\\\/wwwroot\\\/privacy-policy\\\/\",\"url\":\"https:\\\/\\\/centromedicogreenlife.it\\\/wwwroot\\\/privacy-policy\\\/\",\"name\":\"Privacy Policy | Centro Medico GREEN LIFE\",\"isPartOf\":{\"@id\":\"https:\\\/\\\/centromedicogreenlife.it\\\/wwwroot\\\/#website\"},\"datePublished\":\"2024-07-04T14:38:14+00:00\",\"dateModified\":\"2024-09-10T14:28:20+00:00\",\"breadcrumb\":{\"@id\":\"https:\\\/\\\/centromedicogreenlife.it\\\/wwwroot\\\/privacy-policy\\\/#breadcrumb\"},\"inLanguage\":\"it-IT\",\"potentialAction\":[{\"@type\":\"ReadAction\",\"target\":[\"https:\\\/\\\/centromedicogreenlife.it\\\/wwwroot\\\/privacy-policy\\\/\"]}]},{\"@type\":\"BreadcrumbList\",\"@id\":\"https:\\\/\\\/centromedicogreenlife.it\\\/wwwroot\\\/privacy-policy\\\/#breadcrumb\",\"itemListElement\":[{\"@type\":\"ListItem\",\"position\":1,\"name\":\"Home\",\"item\":\"https:\\\/\\\/centromedicogreenlife.it\\\/wwwroot\\\/\"},{\"@type\":\"ListItem\",\"position\":2,\"name\":\"Privacy Policy\"}]},{\"@type\":\"WebSite\",\"@id\":\"https:\\\/\\\/centromedicogreenlife.it\\\/wwwroot\\\/#website\",\"url\":\"https:\\\/\\\/centromedicogreenlife.it\\\/wwwroot\\\/\",\"name\":\"Centro Medico GREEN LIFE\",\"description\":\"Studio polispecialistico a Conegliano (TV)\",\"potentialAction\":[{\"@type\":\"SearchAction\",\"target\":{\"@type\":\"EntryPoint\",\"urlTemplate\":\"https:\\\/\\\/centromedicogreenlife.it\\\/wwwroot\\\/?s={search_term_string}\"},\"query-input\":{\"@type\":\"PropertyValueSpecification\",\"valueRequired\":true,\"valueName\":\"search_term_string\"}}],\"inLanguage\":\"it-IT\"}]}<\/script>\n<!-- \/ Yoast SEO plugin. -->","yoast_head_json":{"title":"Privacy Policy | Centro Medico GREEN LIFE","robots":{"index":"index","follow":"follow","max-snippet":"max-snippet:-1","max-image-preview":"max-image-preview:large","max-video-preview":"max-video-preview:-1"},"canonical":"https:\/\/centromedicogreenlife.it\/wwwroot\/privacy-policy\/","og_locale":"it_IT","og_type":"article","og_title":"Privacy Policy | Centro Medico GREEN LIFE","og_description":"INFORMATIVA SUL TRATTAMENTO DEI DATI PERSONALI Centro Medico Green Life Srl (P.IVA: 05144370268), avente sede legale in (31015) Conegliano (TV), Via degli Abruzzi 32, in qualit\u00e0 di titolare del trattamento dei suoi dati personali (di seguito \u201cTitolare\u201d), rilascia la presente informativa nel rispetto della disciplina europea e italiana in materia di protezione dei dati personali, [&hellip;]","og_url":"https:\/\/centromedicogreenlife.it\/wwwroot\/privacy-policy\/","og_site_name":"Centro Medico GREEN LIFE","article_modified_time":"2024-09-10T14:28:20+00:00","twitter_card":"summary_large_image","twitter_misc":{"Tempo di lettura stimato":"5 minuti"},"schema":{"@context":"https:\/\/schema.org","@graph":[{"@type":"WebPage","@id":"https:\/\/centromedicogreenlife.it\/wwwroot\/privacy-policy\/","url":"https:\/\/centromedicogreenlife.it\/wwwroot\/privacy-policy\/","name":"Privacy Policy | Centro Medico GREEN LIFE","isPartOf":{"@id":"https:\/\/centromedicogreenlife.it\/wwwroot\/#website"},"datePublished":"2024-07-04T14:38:14+00:00","dateModified":"2024-09-10T14:28:20+00:00","breadcrumb":{"@id":"https:\/\/centromedicogreenlife.it\/wwwroot\/privacy-policy\/#breadcrumb"},"inLanguage":"it-IT","potentialAction":[{"@type":"ReadAction","target":["https:\/\/centromedicogreenlife.it\/wwwroot\/privacy-policy\/"]}]},{"@type":"BreadcrumbList","@id":"https:\/\/centromedicogreenlife.it\/wwwroot\/privacy-policy\/#breadcrumb","itemListElement":[{"@type":"ListItem","position":1,"name":"Home","item":"https:\/\/centromedicogreenlife.it\/wwwroot\/"},{"@type":"ListItem","position":2,"name":"Privacy Policy"}]},{"@type":"WebSite","@id":"https:\/\/centromedicogreenlife.it\/wwwroot\/#website","url":"https:\/\/centromedicogreenlife.it\/wwwroot\/","name":"Centro Medico GREEN LIFE","description":"Studio polispecialistico a Conegliano (TV)","potentialAction":[{"@type":"SearchAction","target":{"@type":"EntryPoint","urlTemplate":"https:\/\/centromedicogreenlife.it\/wwwroot\/?s={search_term_string}"},"query-input":{"@type":"PropertyValueSpecification","valueRequired":true,"valueName":"search_term_string"}}],"inLanguage":"it-IT"}]}},"_links":{"self":[{"href":"https:\/\/centromedicogreenlife.it\/wwwroot\/wp-json\/wp\/v2\/pages\/4712","targetHints":{"allow":["GET"]}}],"collection":[{"href":"https:\/\/centromedicogreenlife.it\/wwwroot\/wp-json\/wp\/v2\/pages"}],"about":[{"href":"https:\/\/centromedicogreenlife.it\/wwwroot\/wp-json\/wp\/v2\/types\/page"}],"author":[{"embeddable":true,"href":"https:\/\/centromedicogreenlife.it\/wwwroot\/wp-json\/wp\/v2\/users\/3"}],"replies":[{"embeddable":true,"href":"https:\/\/centromedicogreenlife.it\/wwwroot\/wp-json\/wp\/v2\/comments?post=4712"}],"version-history":[{"count":12,"href":"https:\/\/centromedicogreenlife.it\/wwwroot\/wp-json\/wp\/v2\/pages\/4712\/revisions"}],"predecessor-version":[{"id":5188,"href":"https:\/\/centromedicogreenlife.it\/wwwroot\/wp-json\/wp\/v2\/pages\/4712\/revisions\/5188"}],"wp:attachment":[{"href":"https:\/\/centromedicogreenlife.it\/wwwroot\/wp-json\/wp\/v2\/media?parent=4712"}],"curies":[{"name":"wp","href":"https:\/\/api.w.org\/{rel}","templated":true}]}}